{"id":85,"date":"2016-02-15T14:52:00","date_gmt":"2016-02-15T13:52:00","guid":{"rendered":"http:\/\/www.annesophiemiclo.com\/?page_id=85"},"modified":"2026-03-09T20:56:14","modified_gmt":"2026-03-09T19:56:14","slug":"actus","status":"publish","type":"page","link":"https:\/\/www.annesophiemiclo.com\/index.php\/actus\/","title":{"rendered":"Actualit\u00e9s"},"content":{"rendered":"<p style=\"text-align: center;\"><img loading=\"lazy\" class=\"wp-image-503 aligncenter\" src=\"http:\/\/www.annesophiemiclo.com\/wp-content\/uploads\/2019\/04\/anthropogeology.jpg\" alt=\"\" width=\"449\" height=\"300\" srcset=\"https:\/\/www.annesophiemiclo.com\/wp-content\/uploads\/2019\/04\/anthropogeology.jpg 1000w, https:\/\/www.annesophiemiclo.com\/wp-content\/uploads\/2019\/04\/anthropogeology-300x200.jpg 300w, https:\/\/www.annesophiemiclo.com\/wp-content\/uploads\/2019\/04\/anthropogeology-600x400.jpg 600w, https:\/\/www.annesophiemiclo.com\/wp-content\/uploads\/2019\/04\/anthropogeology-940x627.jpg 940w\" sizes=\"(max-width: 449px) 100vw, 449px\" \/> Sarah Nance, anthropogeology (snowplow strata), 2018<br \/>digital archival print<\/p>\n<p><strong>Recherche actuelle (2025 &#8211; 2027) :<\/strong><\/p>\n<div><em><span lang=\"FR\">Soixante ans d\u2019\u0153uvres vivantes dans les mus\u00e9es canadiens (1960-2020), \u00a0<\/span><\/em><span lang=\"FR\">soutenue par le Conseil de la recherche en sciences humaines du Canada (CRSH) et le Fonds de recherche du Qu\u00e9bec \u2013 Soci\u00e9t\u00e9 et culture (FRQSC).<\/span><\/div>\n<div>\u00a0<\/div>\n<div><strong>Conf\u00e9rence \u00e0 venir :<\/strong><\/div>\n<div>\u00a0<\/div>\n<div>\n<p style=\"font-weight: 400;\">(5-6 juin 2026). \u00ab \u00c9crire l\u2019indocilit\u00e9 du vivant : mutations des dispositifs textuels dans les mus\u00e9es d&rsquo;art contemporain \u00bb. Journ\u00e9es d\u2019\u00e9tude <em>\u0152uvres variables\u00a0: ce qui reste au mus\u00e9e quand tout change<\/em>, Universit\u00e9 Sorbonne Nouvelle, Paris, France.<\/p>\n<p style=\"font-weight: 400;\">(1er juin 2026). \u00ab Quand documenter devient restaurer : accepter la d\u00e9gradation des \u0153uvres contemporaines \u00bb. Journ\u00e9e d\u2019\u00e9tude <em>Faire vivre ou laisser mourir, Patrimoines vuln\u00e9rables<\/em>, INHA, Paris, France.<\/p>\n<\/div>\n<div>\u00a0<\/div>\n<div>\u00a0<\/div>\n<div><strong>Th\u00e8se (disponible en ligne) :\u00a0<\/strong><\/div>\n<div>\u00a0<\/div>\n<div><a href=\"https:\/\/archipel.uqam.ca\/18812\/\">(2025). \u00ab Ce que le vivant fait aux mus\u00e9es d&rsquo;art : une mus\u00e9ologie du vivant au regard de cas embl\u00e9matiques \u00bb Th\u00e8se. Montr\u00e9al (Qu\u00e9bec), Universit\u00e9 du Qu\u00e9bec \u00e0 Montr\u00e9al, Doctorat en histoire de l&rsquo;art.<\/a><\/div>\n<div>\u00a0<\/div>\n<p><strong>Publications r\u00e9centes :<\/strong><\/p>\n<p><a href=\"https:\/\/extranet.puq.ca\/media\/produits\/documents\/4074_D5737-FP.pdf\">(mars 2023). \u00ab <em>Today We Reboot the Planet<\/em> : conserver et exposer le vivant \u00bb. Dans M\u00e9lanie Boucher, Marie Fraser et Johanne Lamoureux (dir.). <em>R\u00e9inventer la collection<\/em>. <em>L\u2019\u0153uvre d\u2019art et le mus\u00e9e \u00e0 l\u2019\u00e8re de l\u2019\u00e9v\u00e9nementiel,<\/em> Presses Universitaires du Qu\u00e9bec, Qu\u00e9bec.<\/a><\/p>\n<p><a href=\"https:\/\/www.berghahnbooks.com\/title\/BienvenueAnimals\/?fbclid=IwAR0zp4vFTlu1Jk2R3allRZwyVH6TOZfR1ZPpA7BmP3Sz_a8SfnTSnJQmVns#toc\">(mars 2022). \u00ab Three Variations on the Theme of Extinction: Looking Anew at the Art and Science of Mark Dion \u00bb. Dans Val\u00e9rie Bienvenue et Nicholas Chare (dir.). <em>Animals, Plants and Afterimages: The Art and Science of Representing Extinction<\/em>, Berghahn Books, Oxford.<\/a><\/p>\n<p style=\"text-align: right;\">\u00a0<\/p>\n\n\n<div class=\"wp-block-image\"><figure class=\"aligncenter size-full\"><img loading=\"lazy\" width=\"398\" height=\"600\" src=\"https:\/\/www.annesophiemiclo.com\/wp-content\/uploads\/2022\/06\/BienvenueAnimals.jpeg\" alt=\"\" class=\"wp-image-583\" srcset=\"https:\/\/www.annesophiemiclo.com\/wp-content\/uploads\/2022\/06\/BienvenueAnimals-199x300@2x.jpeg 398w, https:\/\/www.annesophiemiclo.com\/wp-content\/uploads\/2022\/06\/BienvenueAnimals-199x300.jpeg 199w\" sizes=\"(max-width: 398px) 100vw, 398px\" \/><\/figure><\/div>\n\n\n\n<p class=\"has-text-align-right\">Derni\u00e8re actualisation : mars 2026<\/p>\n","protected":false},"excerpt":{"rendered":"<p>Sarah Nance, anthropogeology (snowplow strata), 2018digital archival print Recherche actuelle (2025 &#8211; 2027) : Soixante ans d\u2019\u0153uvres vivantes dans les mus\u00e9es canadiens (1960-2020), \u00a0soutenue par le Conseil de la recherche\u2026 <span class=\"read-btn\"><a class=\"read-more\" href=\"https:\/\/www.annesophiemiclo.com\/index.php\/actus\/\">Read More &rarr;<\/a><\/span><\/p>\n","protected":false},"author":1,"featured_media":0,"parent":0,"menu_order":0,"comment_status":"closed","ping_status":"closed","template":"","meta":{"_monsterinsights_skip_tracking":false,"_monsterinsights_sitenote_active":false,"_monsterinsights_sitenote_note":"","_monsterinsights_sitenote_category":0},"yoast_head":"<!-- This site is optimized with the Yoast SEO plugin v17.3 - https:\/\/yoast.com\/wordpress\/plugins\/seo\/ -->\n<title>Actualit\u00e9s - Anne-Sophie Miclo<\/title>\n<meta name=\"robots\" content=\"index, follow, max-snippet:-1, max-image-preview:large, max-video-preview:-1\" \/>\n<link rel=\"canonical\" href=\"https:\/\/www.annesophiemiclo.com\/index.php\/actus\/\" \/>\n<meta property=\"og:locale\" content=\"fr_FR\" \/>\n<meta property=\"og:type\" content=\"article\" \/>\n<meta property=\"og:title\" content=\"Actualit\u00e9s - Anne-Sophie Miclo\" \/>\n<meta property=\"og:description\" content=\"Sarah Nance, anthropogeology (snowplow strata), 2018digital archival print Recherche actuelle (2025 &#8211; 2027) : Soixante ans d\u2019\u0153uvres vivantes dans les mus\u00e9es canadiens (1960-2020), \u00a0soutenue par le Conseil de la recherche\u2026 Read More &rarr;\" \/>\n<meta property=\"og:url\" content=\"https:\/\/www.annesophiemiclo.com\/index.php\/actus\/\" \/>\n<meta property=\"og:site_name\" content=\"Anne-Sophie Miclo\" \/>\n<meta property=\"article:modified_time\" content=\"2026-03-09T19:56:14+00:00\" \/>\n<meta property=\"og:image\" content=\"http:\/\/www.annesophiemiclo.com\/wp-content\/uploads\/2019\/04\/anthropogeology.jpg\" \/>\n<meta name=\"twitter:card\" content=\"summary_large_image\" \/>\n<meta name=\"twitter:label1\" content=\"Dur\u00e9e de lecture estim\u00e9e\" \/>\n\t<meta name=\"twitter:data1\" content=\"2 minutes\" \/>\n<script type=\"application\/ld+json\" class=\"yoast-schema-graph\">{\"@context\":\"https:\/\/schema.org\",\"@graph\":[{\"@type\":\"WebSite\",\"@id\":\"https:\/\/www.annesophiemiclo.com\/#website\",\"url\":\"https:\/\/www.annesophiemiclo.com\/\",\"name\":\"Anne-Sophie Miclo\",\"description\":\"Historienne de l&#039;art &amp; commissaire d&#039;exposition\",\"potentialAction\":[{\"@type\":\"SearchAction\",\"target\":{\"@type\":\"EntryPoint\",\"urlTemplate\":\"https:\/\/www.annesophiemiclo.com\/?s={search_term_string}\"},\"query-input\":\"required name=search_term_string\"}],\"inLanguage\":\"fr-FR\"},{\"@type\":\"ImageObject\",\"@id\":\"https:\/\/www.annesophiemiclo.com\/index.php\/actus\/#primaryimage\",\"inLanguage\":\"fr-FR\",\"url\":\"http:\/\/www.annesophiemiclo.com\/wp-content\/uploads\/2019\/04\/anthropogeology.jpg\",\"contentUrl\":\"http:\/\/www.annesophiemiclo.com\/wp-content\/uploads\/2019\/04\/anthropogeology.jpg\"},{\"@type\":\"WebPage\",\"@id\":\"https:\/\/www.annesophiemiclo.com\/index.php\/actus\/#webpage\",\"url\":\"https:\/\/www.annesophiemiclo.com\/index.php\/actus\/\",\"name\":\"Actualit\\u00e9s - Anne-Sophie Miclo\",\"isPartOf\":{\"@id\":\"https:\/\/www.annesophiemiclo.com\/#website\"},\"primaryImageOfPage\":{\"@id\":\"https:\/\/www.annesophiemiclo.com\/index.php\/actus\/#primaryimage\"},\"datePublished\":\"2016-02-15T13:52:00+00:00\",\"dateModified\":\"2026-03-09T19:56:14+00:00\",\"breadcrumb\":{\"@id\":\"https:\/\/www.annesophiemiclo.com\/index.php\/actus\/#breadcrumb\"},\"inLanguage\":\"fr-FR\",\"potentialAction\":[{\"@type\":\"ReadAction\",\"target\":[\"https:\/\/www.annesophiemiclo.com\/index.php\/actus\/\"]}]},{\"@type\":\"BreadcrumbList\",\"@id\":\"https:\/\/www.annesophiemiclo.com\/index.php\/actus\/#breadcrumb\",\"itemListElement\":[{\"@type\":\"ListItem\",\"position\":1,\"name\":\"Accueil\",\"item\":\"https:\/\/www.annesophiemiclo.com\/\"},{\"@type\":\"ListItem\",\"position\":2,\"name\":\"Actualit\\u00e9s\"}]}]}<\/script>\n<!-- \/ Yoast SEO plugin. -->","yoast_head_json":{"title":"Actualit\u00e9s - Anne-Sophie Miclo","robots":{"index":"index","follow":"follow","max-snippet":"max-snippet:-1","max-image-preview":"max-image-preview:large","max-video-preview":"max-video-preview:-1"},"canonical":"https:\/\/www.annesophiemiclo.com\/index.php\/actus\/","og_locale":"fr_FR","og_type":"article","og_title":"Actualit\u00e9s - Anne-Sophie Miclo","og_description":"Sarah Nance, anthropogeology (snowplow strata), 2018digital archival print Recherche actuelle (2025 &#8211; 2027) : Soixante ans d\u2019\u0153uvres vivantes dans les mus\u00e9es canadiens (1960-2020), \u00a0soutenue par le Conseil de la recherche\u2026 Read More &rarr;","og_url":"https:\/\/www.annesophiemiclo.com\/index.php\/actus\/","og_site_name":"Anne-Sophie Miclo","article_modified_time":"2026-03-09T19:56:14+00:00","og_image":[{"url":"http:\/\/www.annesophiemiclo.com\/wp-content\/uploads\/2019\/04\/anthropogeology.jpg"}],"twitter_card":"summary_large_image","twitter_misc":{"Dur\u00e9e de lecture estim\u00e9e":"2 minutes"},"schema":{"@context":"https:\/\/schema.org","@graph":[{"@type":"WebSite","@id":"https:\/\/www.annesophiemiclo.com\/#website","url":"https:\/\/www.annesophiemiclo.com\/","name":"Anne-Sophie Miclo","description":"Historienne de l&#039;art &amp; commissaire d&#039;exposition","potentialAction":[{"@type":"SearchAction","target":{"@type":"EntryPoint","urlTemplate":"https:\/\/www.annesophiemiclo.com\/?s={search_term_string}"},"query-input":"required name=search_term_string"}],"inLanguage":"fr-FR"},{"@type":"ImageObject","@id":"https:\/\/www.annesophiemiclo.com\/index.php\/actus\/#primaryimage","inLanguage":"fr-FR","url":"http:\/\/www.annesophiemiclo.com\/wp-content\/uploads\/2019\/04\/anthropogeology.jpg","contentUrl":"http:\/\/www.annesophiemiclo.com\/wp-content\/uploads\/2019\/04\/anthropogeology.jpg"},{"@type":"WebPage","@id":"https:\/\/www.annesophiemiclo.com\/index.php\/actus\/#webpage","url":"https:\/\/www.annesophiemiclo.com\/index.php\/actus\/","name":"Actualit\u00e9s - Anne-Sophie Miclo","isPartOf":{"@id":"https:\/\/www.annesophiemiclo.com\/#website"},"primaryImageOfPage":{"@id":"https:\/\/www.annesophiemiclo.com\/index.php\/actus\/#primaryimage"},"datePublished":"2016-02-15T13:52:00+00:00","dateModified":"2026-03-09T19:56:14+00:00","breadcrumb":{"@id":"https:\/\/www.annesophiemiclo.com\/index.php\/actus\/#breadcrumb"},"inLanguage":"fr-FR","potentialAction":[{"@type":"ReadAction","target":["https:\/\/www.annesophiemiclo.com\/index.php\/actus\/"]}]},{"@type":"BreadcrumbList","@id":"https:\/\/www.annesophiemiclo.com\/index.php\/actus\/#breadcrumb","itemListElement":[{"@type":"ListItem","position":1,"name":"Accueil","item":"https:\/\/www.annesophiemiclo.com\/"},{"@type":"ListItem","position":2,"name":"Actualit\u00e9s"}]}]}},"_links":{"self":[{"href":"https:\/\/www.annesophiemiclo.com\/index.php\/wp-json\/wp\/v2\/pages\/85"}],"collection":[{"href":"https:\/\/www.annesophiemiclo.com\/index.php\/wp-json\/wp\/v2\/pages"}],"about":[{"href":"https:\/\/www.annesophiemiclo.com\/index.php\/wp-json\/wp\/v2\/types\/page"}],"author":[{"embeddable":true,"href":"https:\/\/www.annesophiemiclo.com\/index.php\/wp-json\/wp\/v2\/users\/1"}],"replies":[{"embeddable":true,"href":"https:\/\/www.annesophiemiclo.com\/index.php\/wp-json\/wp\/v2\/comments?post=85"}],"version-history":[{"count":67,"href":"https:\/\/www.annesophiemiclo.com\/index.php\/wp-json\/wp\/v2\/pages\/85\/revisions"}],"predecessor-version":[{"id":619,"href":"https:\/\/www.annesophiemiclo.com\/index.php\/wp-json\/wp\/v2\/pages\/85\/revisions\/619"}],"wp:attachment":[{"href":"https:\/\/www.annesophiemiclo.com\/index.php\/wp-json\/wp\/v2\/media?parent=85"}],"curies":[{"name":"wp","href":"https:\/\/api.w.org\/{rel}","templated":true}]}}